{"id":706,"date":"2018-12-20T15:36:50","date_gmt":"2018-12-20T15:36:50","guid":{"rendered":"https:\/\/taugwalder-hypnose.ch\/?page_id=706"},"modified":"2026-04-06T13:00:00","modified_gmt":"2026-04-06T13:00:00","slug":"horse-owner","status":"publish","type":"page","link":"https:\/\/taugwalder-hypnose.ch\/en\/horse-owner\/","title":{"rendered":"HorseOwner"},"content":{"rendered":"<p>[et_pb_section fb_built=&#8221;1&#8243; _builder_version=&#8221;4.27.4&#8243; _module_preset=&#8221;default&#8221; locked=&#8221;off&#8221; global_colors_info=&#8221;{}&#8221;][et_pb_row _builder_version=&#8221;4.27.4&#8243; _module_preset=&#8221;default&#8221; max_width=&#8221;1920px&#8221; global_colors_info=&#8221;{}&#8221;][et_pb_column type=&#8221;4_4&#8243; _builder_version=&#8221;4.27.4&#8243; _module_preset=&#8221;default&#8221; global_colors_info=&#8221;{}&#8221;][et_pb_menu logo=&#8221;https:\/\/taugwalder-hypnose.ch\/wp-content\/uploads\/2019\/01\/GTHypnose_Logo_RGB_medium.png&#8221; logo_url=&#8221;https:\/\/taugwalder-hypnose.ch&#8221; logo_width=&#8221;120px&#8221; _builder_version=&#8221;4.27.5&#8243; _module_preset=&#8221;default&#8221; custom_padding=&#8221;15px||15px||false|false&#8221; sticky_position=&#8221;top&#8221; global_colors_info=&#8221;{}&#8221;][\/et_pb_menu][\/et_pb_column][\/et_pb_row][\/et_pb_section][et_pb_section fb_built=&#8221;1&#8243; _builder_version=&#8221;4.16&#8243; custom_padding=&#8221;0||0||false|false&#8221; global_colors_info=&#8221;{}&#8221;][et_pb_row column_structure=&#8221;3_5,2_5&#8243; make_equal=&#8221;on&#8221; _builder_version=&#8221;4.16&#8243; custom_padding=&#8221;0|0px|0|0px|false|false&#8221; global_colors_info=&#8221;{}&#8221;][et_pb_column type=&#8221;3_5&#8243; _builder_version=&#8221;4.16&#8243; custom_padding=&#8221;|||&#8221; global_colors_info=&#8221;{}&#8221; custom_padding__hover=&#8221;|||&#8221;][et_pb_button button_url=&#8221;#&#8221; button_text=&#8221;HorseOwner&#8221; button_alignment=&#8221;left&#8221; _builder_version=&#8221;4.16&#8243; custom_button=&#8221;on&#8221; button_text_color=&#8221;#ffffff&#8221; button_bg_color=&#8221;#dda08b&#8221; button_border_width=&#8221;0px&#8221; button_border_color=&#8221;#dda08b&#8221; button_border_radius=&#8221;16px&#8221; button_letter_spacing=&#8221;5px&#8221; button_font=&#8221;||||||||&#8221; button_use_icon=&#8221;off&#8221; custom_margin=&#8221;0px||0px|&#8221; custom_padding=&#8221;0px||0px|&#8221; button_bg_color_hover=&#8221;#dda08b&#8221; global_colors_info=&#8221;{}&#8221; button_text_size__hover_enabled=&#8221;off&#8221; button_one_text_size__hover_enabled=&#8221;off&#8221; button_two_text_size__hover_enabled=&#8221;off&#8221; button_text_color__hover_enabled=&#8221;off&#8221; button_one_text_color__hover_enabled=&#8221;off&#8221; button_two_text_color__hover_enabled=&#8221;off&#8221; button_border_width__hover_enabled=&#8221;off&#8221; button_one_border_width__hover_enabled=&#8221;off&#8221; button_two_border_width__hover_enabled=&#8221;off&#8221; button_border_color__hover_enabled=&#8221;off&#8221; button_one_border_color__hover_enabled=&#8221;off&#8221; button_two_border_color__hover_enabled=&#8221;off&#8221; button_border_radius__hover_enabled=&#8221;off&#8221; button_one_border_radius__hover_enabled=&#8221;off&#8221; button_two_border_radius__hover_enabled=&#8221;off&#8221; button_letter_spacing__hover_enabled=&#8221;off&#8221; button_one_letter_spacing__hover_enabled=&#8221;off&#8221; button_two_letter_spacing__hover_enabled=&#8221;off&#8221; button_bg_color__hover_enabled=&#8221;on&#8221; button_bg_color__hover=&#8221;#dda08b&#8221; button_one_bg_color__hover_enabled=&#8221;off&#8221; button_two_bg_color__hover_enabled=&#8221;off&#8221;][\/et_pb_button][\/et_pb_column][et_pb_column type=&#8221;2_5&#8243; _builder_version=&#8221;4.16&#8243; custom_padding=&#8221;|||&#8221; global_colors_info=&#8221;{}&#8221; custom_padding__hover=&#8221;|||&#8221;][\/et_pb_column][\/et_pb_row][\/et_pb_section][et_pb_section fb_built=&#8221;1&#8243; _builder_version=&#8221;4.16&#8243; custom_padding=&#8221;16px|0px|2px|0px|false|false&#8221; global_colors_info=&#8221;{}&#8221;][et_pb_row column_structure=&#8221;3_5,2_5&#8243; _builder_version=&#8221;4.16&#8243; custom_padding=&#8221;0|0px|0|0px|false|false&#8221; global_colors_info=&#8221;{}&#8221;][et_pb_column type=&#8221;3_5&#8243; _builder_version=&#8221;4.16&#8243; custom_padding=&#8221;|||&#8221; global_colors_info=&#8221;{}&#8221; custom_padding__hover=&#8221;|||&#8221;][et_pb_text _builder_version=&#8221;4.27.5&#8243; custom_margin=&#8221;0px|||&#8221; hover_enabled=&#8221;0&#8243; global_colors_info=&#8221;{}&#8221; sticky_enabled=&#8221;0&#8243;]<\/p>\n<h3><span style=\"color: #dda08b;\">The goal:<\/span><\/h3>\n<h3><span style=\"color: #dda08b;\"> happy and confident riders!<\/span><\/h3>\n<p>When there are problems, there are usually several reasons. Frequently it is an unfortunate combination of self-doubt, insecurity, anxiety (for example, after a traumatic experience with the horse) or actions which the horse does not understand lead to the rider&#8217;s frustration.<\/p>\n<p>Since horses are flight animals and perceive the finest emotions in humans, it can make a significant difference if one\u2019s own mental blocks and negative patterns of behaviour are resolved before starting to work with the horse. For achieving this, hypnosis, BWRT, logosynthesis and mental training are wonderful tools and so is practicing mindfulness whilst training your horse.<\/p>\n<p>From successful horsemanship and dressage trainers at home and abroad, I have learned many practical tricks to communicate with horses and to overcome hurdles.\u00a0<\/p>\n<p>Violence, aggression and hustle and bustle have no place in my philosophy of how to deal with animals. They are both unnecessary and motivational killers.<\/p>\n<p>&nbsp;<\/p>\n<p>[\/et_pb_text][\/et_pb_column][et_pb_column type=&#8221;2_5&#8243; _builder_version=&#8221;4.16&#8243; custom_padding=&#8221;|||&#8221; global_colors_info=&#8221;{}&#8221; custom_padding__hover=&#8221;|||&#8221;][et_pb_image src=&#8221;https:\/\/taugwalder-hypnose.ch\/wp-content\/uploads\/2019\/01\/Gabriela-Taugwalder-Pferdebesitzer.jpg&#8221; align_tablet=&#8221;center&#8221; align_phone=&#8221;&#8221; align_last_edited=&#8221;on|desktop&#8221; _builder_version=&#8221;4.16&#8243; custom_margin=&#8221;||&#8221; border_radii=&#8221;on|25px|25px|25px|25px&#8221; box_shadow_style=&#8221;preset3&#8243; global_colors_info=&#8221;{}&#8221;][\/et_pb_image][\/et_pb_column][\/et_pb_row][\/et_pb_section][et_pb_section fb_built=&#8221;1&#8243; _builder_version=&#8221;4.16&#8243; custom_padding=&#8221;0|0px|0|0px|false|false&#8221; global_colors_info=&#8221;{}&#8221;][et_pb_row _builder_version=&#8221;4.16&#8243; custom_padding=&#8221;0|0px|25.5938px|0px|false|false&#8221; global_colors_info=&#8221;{}&#8221;][et_pb_column type=&#8221;4_4&#8243; _builder_version=&#8221;4.16&#8243; custom_padding=&#8221;|||&#8221; global_colors_info=&#8221;{}&#8221; custom_padding__hover=&#8221;|||&#8221;][et_pb_text _builder_version=&#8221;4.27.5&#8243; hover_enabled=&#8221;0&#8243; global_colors_info=&#8221;{}&#8221; custom_padding=&#8221;||0px|||&#8221; sticky_enabled=&#8221;0&#8243;]<\/p>\n<p>I&#8217;ve been riding for over four decades and mostly enjoy dressage riding and hacking. In training horses from the ground I have learned a lot from the following trainers:<\/p>\n<ul>\n<li>Kelly Marks, Partnerin von Monty Roberts, author and founder of Intelligent Horsemanship (<a href=\"http:\/\/www.intelligenthorsemanship.co.uk\/\">intelligenthorsemanship.co.uk<\/a>)<\/li>\n<li>Gudrun Weiss, Monty Roberts Certified Instructor, Founder of Sensehorse (<a href=\"http:\/\/www.sensehorse.com\/\">sensehorse.com<\/a>).<\/li>\n<\/ul>\n<p>&nbsp;<\/p>\n<p>[\/et_pb_text][\/et_pb_column][\/et_pb_row][\/et_pb_section][et_pb_section fb_built=&#8221;1&#8243; _builder_version=&#8221;4.16&#8243; global_colors_info=&#8221;{}&#8221;][et_pb_row _builder_version=&#8221;4.16&#8243; custom_padding=&#8221;0|0px|27px|0px|false|false&#8221; global_colors_info=&#8221;{}&#8221;][et_pb_column type=&#8221;4_4&#8243; _builder_version=&#8221;4.16&#8243; custom_padding=&#8221;|||&#8221; global_colors_info=&#8221;{}&#8221; custom_padding__hover=&#8221;|||&#8221;][et_pb_image src=&#8221;https:\/\/taugwalder-hypnose.ch\/wp-content\/uploads\/2019\/01\/Gabriela-Taugwalder-Hypnose.jpg&#8221; align=&#8221;center&#8221; align_tablet=&#8221;center&#8221; align_phone=&#8221;&#8221; align_last_edited=&#8221;on|desktop&#8221; _builder_version=&#8221;4.16&#8243; max_width=&#8221;68%&#8221; max_width_tablet=&#8221;&#8221; max_width_phone=&#8221;&#8221; max_width_last_edited=&#8221;on|phone&#8221; module_alignment=&#8221;center&#8221; border_radii=&#8221;on|25px|25px|25px|25px&#8221; box_shadow_style=&#8221;preset3&#8243; global_colors_info=&#8221;{}&#8221;][\/et_pb_image][\/et_pb_column][\/et_pb_row][\/et_pb_section][et_pb_section fb_built=&#8221;1&#8243; module_id=&#8221;footer&#8221; _builder_version=&#8221;3.19.5&#8243; custom_padding=&#8221;0|0px|0|0px|false|false&#8221; global_module=&#8221;1038&#8243; saved_tabs=&#8221;all&#8221; global_colors_info=&#8221;{}&#8221;][et_pb_row column_structure=&#8221;1_3,1_3,1_3&#8243; module_id=&#8221;footer&#8221; _builder_version=&#8221;4.16&#8243; custom_padding=&#8221;8px|0px|0|0px|false|false&#8221; global_colors_info=&#8221;{}&#8221;][et_pb_column type=&#8221;1_3&#8243; _builder_version=&#8221;4.16&#8243; _module_preset=&#8221;default&#8221; global_colors_info=&#8221;{}&#8221;][\/et_pb_column][et_pb_column type=&#8221;1_3&#8243; _builder_version=&#8221;4.16&#8243; custom_padding=&#8221;|||&#8221; global_colors_info=&#8221;{}&#8221; custom_padding__hover=&#8221;|||&#8221;][et_pb_text _builder_version=&#8221;4.19.0&#8243; text_font=&#8221;||||||||&#8221; text_font_size=&#8221;14px&#8221; text_line_height=&#8221;1.6em&#8221; global_colors_info=&#8221;{}&#8221;]<\/p>\n<p><span>Forchstrasse 280, 8008 Zurich \/ H\u00f6henstrasse 11, <\/span><span>8342 Wernetshausen (Hinwil)<\/span><span><br \/><\/span><a href=\"mailto:info@taugwalder-hypnose.ch\">info@taugwalder-hypnose.ch<\/a>\u00a0|\u00a0<a href=\"http:\/\/www.taugwalder-hypnose.ch\/en\/impressum\">Impressum<\/a> | <a href=\"https:\/\/taugwalder-hypnose.ch\/en\/contact\/ \">Contact<\/a> | <a href=\"https:\/\/taugwalder-hypnose.ch\/datenschutz\/\">Data Protect<\/a><a href=\"mailto:info@taugwalder-hypnose.ch\"><br \/><\/a>copyright \u00a9 Gabriela Taugwalder, 2019<\/p>\n<p>[\/et_pb_text][\/et_pb_column][et_pb_column type=&#8221;1_3&#8243; _builder_version=&#8221;4.16&#8243; custom_padding=&#8221;|||&#8221; global_colors_info=&#8221;{}&#8221; custom_padding__hover=&#8221;|||&#8221;][et_pb_social_media_follow _builder_version=&#8221;4.16&#8243; text_orientation=&#8221;right&#8221; background_layout=&#8221;dark&#8221; module_alignment=&#8221;right&#8221; filter_saturate=&#8221;0%&#8221; filter_brightness=&#8221;200%&#8221; global_colors_info=&#8221;{}&#8221;][et_pb_social_media_follow_network social_network=&#8221;facebook&#8221; url=&#8221;https:\/\/www.facebook.com\/taugwalder.hypnose\/&#8221; _builder_version=&#8221;4.16&#8243; background_color=&#8221;#3b5998&#8243; global_colors_info=&#8221;{}&#8221; follow_button=&#8221;off&#8221; url_new_window=&#8221;on&#8221;]facebook[\/et_pb_social_media_follow_network][et_pb_social_media_follow_network social_network=&#8221;instagram&#8221; url=&#8221;https:\/\/www.instagram.com\/taugwalder.hypnose\/&#8221; _builder_version=&#8221;4.16&#8243; background_color=&#8221;#ea2c59&#8243; global_colors_info=&#8221;{}&#8221; follow_button=&#8221;off&#8221; url_new_window=&#8221;on&#8221;]instagram[\/et_pb_social_media_follow_network][\/et_pb_social_media_follow][\/et_pb_column][\/et_pb_row][\/et_pb_section]<\/p>\n","protected":false},"excerpt":{"rendered":"<p>The goal: happy and confident riders! When there are problems, there are usually several reasons. Frequently it is an unfortunate combination of self-doubt, insecurity, anxiety (for example, after a traumatic experience with the horse) or actions which the horse does not understand lead to the rider&#8217;s frustration. Since horses are flight animals and perceive the [&hellip;]<\/p>\n","protected":false},"author":2,"featured_media":0,"parent":0,"menu_order":0,"comment_status":"closed","ping_status":"closed","template":"","meta":{"_et_pb_use_builder":"on","_et_pb_old_content":"<h3><img class=\" wp-image-379 alignright\" src=\"https:\/\/taugwalder-hypnose.ch\/wp-content\/uploads\/2018\/12\/vincent-botta-276146-unsplash.jpg\" alt=\"\" width=\"371\" height=\"558\" \/>Das Ziel:\r\nfrohe Pferde und Reiter!<\/h3>\r\nWenn Mist im Getriebe ist, hat das meist mehrere Gr\u00fcnde. Nicht selten ist es eine ungl\u00fcckliche Kombination von Selbstzweifeln, Unsicherheit, Angst (z.B. nach einem traumatischen Erlebnis mit dem Pferd) oder gar Frustration beim Reiter, gepaart mit Handlungsweisen, welche das Pferd nicht versteht.\r\n\r\nIn meiner Arbeit setze ich, je nach Konstellation und Bed\u00fcrfnis, an zwei Stellen an. Da Pferde Fluchttiere sind und die feinsten Regungen beim Menschen wahrnehmen, kann es einen grossen Unterschied machen, wenn die eigenen gedanklichen Blockaden und negativen Muster aufgel\u00f6st werden, bevor man mit dem Pferd arbeitet. Hierf\u00fcr ist die Hypnose ein wunderbares Werkzeug.\r\n\r\nIn meiner Ausbildung bei erfolgreichen Pferdetrainern im In- und Ausland habe ich viele praktische Tricks gelernt, um mit Pferden zu kommunizieren und H\u00fcrden zu nehmen. Zu solchen Herausforderungen geh\u00f6ren beispielsweise das Verladen, Einfangen auf der Weide, Schnappen, Anrempeln oder \u00dcberholen, Zappeln beim Aufsteigen, Angst vor Gegenst\u00e4nden, Ger\u00e4uschen, Situationen, Ausschlagen beim Hufe aufhalten oder Scheren etc.\r\n\r\nGewalt, Aggression und Hektik haben keinen Platz in meiner Lebensanschauung wie man mit Tieren umzugehen hat. Sie sind f\u00fcr Mensch und Tier unn\u00f6tig und Motivationskiller.\r\n\r\nIch reite seit \u00fcber vier Jahrzehnten, wobei mich das Ausreiten und das Dressurreiten am meisten begeistern. Im Training von Pferden vom Boden aus habe ich in zahlreichen Kursen insbesondere von folgenden Trainern viel gelernt:\r\n<ul>\r\n \t<li><strong>Kelly Marks, Partnerin von Monty Roberts, Autorin und Gr\u00fcnderin der Organisation Intelligent Horsemanship (<a href=\"http:\/\/www.intelligenthorsemanship.co.uk\">intelligenthorsemanship.co.uk<\/a>)<\/strong><\/li>\r\n \t<li><strong>Gudrun Weiss, Monty Roberts Certified Instructor, Gr\u00fcnderin von Sensehorse (<a href=\"http:\/\/www.sensehorse.com\">sensehorse.com<\/a>).<\/strong><\/li>\r\n<\/ul>\r\nDas Pferdetraining kann bei geeigneter Infrastruktur bei Ihnen oder in einer Anlage im Z\u00fcrcher Oberland stattfinden.","_et_gb_content_width":"","footnotes":""},"class_list":["post-706","page","type-page","status-publish","hentry"],"_links":{"self":[{"href":"https:\/\/taugwalder-hypnose.ch\/en\/wp-json\/wp\/v2\/pages\/706","targetHints":{"allow":["GET"]}}],"collection":[{"href":"https:\/\/taugwalder-hypnose.ch\/en\/wp-json\/wp\/v2\/pages"}],"about":[{"href":"https:\/\/taugwalder-hypnose.ch\/en\/wp-json\/wp\/v2\/types\/page"}],"author":[{"embeddable":true,"href":"https:\/\/taugwalder-hypnose.ch\/en\/wp-json\/wp\/v2\/users\/2"}],"replies":[{"embeddable":true,"href":"https:\/\/taugwalder-hypnose.ch\/en\/wp-json\/wp\/v2\/comments?post=706"}],"version-history":[{"count":0,"href":"https:\/\/taugwalder-hypnose.ch\/en\/wp-json\/wp\/v2\/pages\/706\/revisions"}],"wp:attachment":[{"href":"https:\/\/taugwalder-hypnose.ch\/en\/wp-json\/wp\/v2\/media?parent=706"}],"curies":[{"name":"wp","href":"https:\/\/api.w.org\/{rel}","templated":true}]}}