{"id":3621,"date":"2022-07-22T08:08:38","date_gmt":"2022-07-22T08:08:38","guid":{"rendered":"https:\/\/taugwalder-hypnose.ch\/?page_id=3621"},"modified":"2023-01-25T07:41:45","modified_gmt":"2023-01-25T07:41:45","slug":"datenschutz-2","status":"publish","type":"page","link":"https:\/\/taugwalder-hypnose.ch\/en\/datenschutz-2\/","title":{"rendered":"Datenschutz"},"content":{"rendered":"<p>[et_pb_section fb_built=&#8221;1&#8243; _builder_version=&#8221;4.16&#8243; module_alignment=&#8221;right&#8221; custom_padding=&#8221;45.1094px|0px|0|0px|false|false&#8221; global_colors_info=&#8221;{}&#8221;][et_pb_row _builder_version=&#8221;4.16&#8243; custom_padding=&#8221;0|0px|22.5469px|0px|false|false&#8221; global_colors_info=&#8221;{}&#8221;][et_pb_column type=&#8221;4_4&#8243; _builder_version=&#8221;4.16&#8243; custom_padding=&#8221;|||&#8221; global_colors_info=&#8221;{}&#8221; custom_padding__hover=&#8221;|||&#8221;][et_pb_text _builder_version=&#8221;4.16&#8243; global_colors_info=&#8221;{}&#8221;]<\/p>\n<h1>Datenschutz<\/h1>\n<p>[\/et_pb_text][et_pb_text _builder_version=&#8221;4.16&#8243; _module_preset=&#8221;default&#8221; header_text_color=&#8221;#DDA08B&#8221; background_color=&#8221;RGBA(0,0,0,0)&#8221; custom_margin=&#8221;||0px||false|false&#8221; custom_padding=&#8221;20px||8px||false|false&#8221; custom_padding_tablet=&#8221;&#8221; custom_padding_phone=&#8221;35px||||false|false&#8221; custom_padding_last_edited=&#8221;on|phone&#8221; global_colors_info=&#8221;{}&#8221;]<\/p>\n<h2>1. Allgemeines<\/h2>\n<p>[\/et_pb_text][et_pb_text _builder_version=&#8221;4.16&#8243; _module_preset=&#8221;default&#8221; global_colors_info=&#8221;{}&#8221;]Ich freue mich, dass Sie sich f\u00fcr meine Website interessieren.<\/p>\n<p>Der Schutz Ihrer Privatsph\u00e4re ist mir wichtig. Ich setze auf einen transparenten Umgang mit Ihren Daten. Nachfolgend zeige ich auf, welche personenbezogenen Daten beim Benutzen dieser Webseite bearbeitet werden und wie mit den Daten umgegangen wird.<\/p>\n<p>Diese Datenschutzerkl\u00e4rung ist auch auf die EU Datenschutz-Grundverordnung (DSGVO) ausgerichtet. Das schweizerische Datenschutzgesetz (DSG) ist vom EU-Recht stark beeinflusst, und Unternehmen ausserhalb der Europ\u00e4ischen Union bzw. des EWR haben die DSGVO unter bestimmten Umst\u00e4nden einzuhalten. Schweizer Unternehmen m\u00fcssen sich an die DSGVO halten, wenn sie personenbezogene Daten von nat\u00fcrlichen Personen verarbeiten, die sich in der EU befinden, und falls die Verarbeitung dazu dient:<\/p>\n<ol>\n<li>diesen Personen Waren oder Dienstleistungen anzubieten (gegen Bezahlung oder unentgeltlich), oder<br \/>\n2. das Verhalten dieser Personen zu verfolgen, sofern dieses Verhalten in den Mitgliedstaaten der EU erfolgt (Art. 3 Abs. 2 Buchst.\u00a0a und b DSGVO).<\/li>\n<\/ol>\n<p>[\/et_pb_text][\/et_pb_column][\/et_pb_row][et_pb_row _builder_version=&#8221;4.16&#8243; custom_padding=&#8221;0px||||false|false&#8221; global_colors_info=&#8221;{}&#8221;][et_pb_column type=&#8221;4_4&#8243; _builder_version=&#8221;4.16&#8243; custom_padding=&#8221;|||&#8221; global_colors_info=&#8221;{}&#8221; custom_padding__hover=&#8221;|||&#8221;][et_pb_text _builder_version=&#8221;4.16&#8243; _module_preset=&#8221;default&#8221; header_text_color=&#8221;#DDA08B&#8221; background_color=&#8221;RGBA(0,0,0,0)&#8221; custom_margin=&#8221;||0px||false|false&#8221; custom_padding=&#8221;20px||8px||false|false&#8221; custom_padding_tablet=&#8221;&#8221; custom_padding_phone=&#8221;35px||||false|false&#8221; custom_padding_last_edited=&#8221;on|phone&#8221; global_colors_info=&#8221;{}&#8221;]<\/p>\n<h2>2. Verantwortliche<\/h2>\n<p>[\/et_pb_text][et_pb_text _builder_version=&#8221;4.19.0&#8243; global_colors_info=&#8221;{}&#8221;]<\/p>\n<p>Verantwortlich f\u00fcr die Datenverarbeitungen ist Gabriela Taugwalder Hypnose. Wenn Sie datenschutzrechtliche Anliegen haben, k\u00f6nnen Sie mir diese an folgende Kontaktadresse mitteilen:<\/p>\n<p>&nbsp;<\/p>\n<p>Gabriela Taugwalder Hypnose und Beratung<br \/><span style=\"font-size: 17px;\">Forchstrasse 280<br \/><\/span>8008 Zurich<strong><br \/><\/strong><span style=\"font-size: 17px;\">Schweiz<\/span><\/p>\n<p><strong>Telefon<\/strong>:\u00a0+41 79 227 86 44<br \/><strong>Email<\/strong>:\u00a0<a href=\"mailto:info@taugwalder-hypnose.ch\">info@taugwalder-hypnose.ch<\/a><\/p>\n<p>&nbsp;<\/p>\n<p>[\/et_pb_text][\/et_pb_column][\/et_pb_row][et_pb_row _builder_version=&#8221;4.16&#8243; custom_padding=&#8221;0|0px|22.5469px|0px|false|false&#8221; global_colors_info=&#8221;{}&#8221;][et_pb_column type=&#8221;4_4&#8243; _builder_version=&#8221;4.16&#8243; custom_padding=&#8221;|||&#8221; global_colors_info=&#8221;{}&#8221; custom_padding__hover=&#8221;|||&#8221;][et_pb_text _builder_version=&#8221;4.16&#8243; _module_preset=&#8221;default&#8221; header_text_color=&#8221;#DDA08B&#8221; background_color=&#8221;RGBA(0,0,0,0)&#8221; custom_margin=&#8221;||0px||false|false&#8221; custom_padding=&#8221;20px||8px||false|false&#8221; custom_padding_tablet=&#8221;&#8221; custom_padding_phone=&#8221;35px||||false|false&#8221; custom_padding_last_edited=&#8221;on|phone&#8221; global_colors_info=&#8221;{}&#8221;]<\/p>\n<h2>3. Umfang und Zweck der Erhebung, Verarbeitung und Nutzung von personenbezogenen Daten<\/h2>\n<p>[\/et_pb_text][et_pb_text _builder_version=&#8221;4.16&#8243; _module_preset=&#8221;default&#8221; global_colors_info=&#8221;{}&#8221;]Wenn Sie meine Website aufrufen, werden vom Server meines Hosting-Partners Log-Daten erfasst. Zu diesen Daten geh\u00f6ren:<\/p>\n<ul>\n<li>Name und URL der abgerufenen Webseite,<\/li>\n<li>Datum und Uhrzeit des Abrufs<\/li>\n<li>\u00fcbertragene Datenmenge<\/li>\n<li>Meldung \u00fcber erfolgreichen Abruf<\/li>\n<li>Browsertyp und Version<\/li>\n<li>Betriebssystem<\/li>\n<li>Referrer URL (die zuvor besuchte Seite)<\/li>\n<li>IP-Adresse<\/li>\n<li>Provider<\/li>\n<li>\u00dcbertragungsprotokoll<\/li>\n<li>Status-Code (z.B. Server-\/Client-Fehler)<\/li>\n<\/ul>\n<p>Die Erhebung und Verarbeitung dieser Daten dient dem Zweck, die Nutzung meiner Webseite zu erm\u00f6glichen (Verbindungsaufbau), die Systemsicherheit und \u2013Stabilit\u00e4t dauerhaft zu sicherzustellen und die Optimierung meines Internetangebots zu erm\u00f6glichen, sowie zu internen statistischen Zwecken. Hierin liegt mein berechtigtes Interesse an der Datenverarbeitung im Sinne von Art. 6 Abs. 1 lit. f DSGVO.<\/p>\n<p>Wir setzen beim Besuch unserer Webseite Cookies sowie Anwendungen ein, welche auf dem Einsatz von Cookies basieren. N\u00e4here Angaben hierzu finden Sie in den Ziff. 4 &#8220;Cookies&#8221; und 5 &#8220;Tracking Tool&#8221;.<br \/>\n[\/et_pb_text][\/et_pb_column][\/et_pb_row][et_pb_row _builder_version=&#8221;4.16&#8243; custom_padding=&#8221;0|0px|22.5469px|0px|false|false&#8221; global_colors_info=&#8221;{}&#8221;][et_pb_column type=&#8221;4_4&#8243; _builder_version=&#8221;4.16&#8243; custom_padding=&#8221;|||&#8221; global_colors_info=&#8221;{}&#8221; custom_padding__hover=&#8221;|||&#8221;][et_pb_text _builder_version=&#8221;4.16&#8243; _module_preset=&#8221;default&#8221; header_text_color=&#8221;#DDA08B&#8221; background_color=&#8221;RGBA(0,0,0,0)&#8221; custom_margin=&#8221;||0px||false|false&#8221; custom_padding=&#8221;20px||8px||false|false&#8221; custom_padding_tablet=&#8221;&#8221; custom_padding_phone=&#8221;35px||||false|false&#8221; custom_padding_last_edited=&#8221;on|phone&#8221; global_colors_info=&#8221;{}&#8221;]<\/p>\n<h2>4. Terminbuchung oder Anfrage \u00fcber das Kontaktformular<\/h2>\n<p>[\/et_pb_text][et_pb_text _builder_version=&#8221;4.16&#8243; _module_preset=&#8221;default&#8221; global_colors_info=&#8221;{}&#8221;]Sofern Sie sich \u00fcber das Online-Formular bei mir anmelden oder mit mir in Kontakt treten, erheben wir folgende Daten von Ihnen:Sofern Sie sich \u00fcber das Online-Formular bei mir anmelden oder mit mir in Kontakt treten, erheben wir folgende Daten von Ihnen:<br \/>\nVorname und Name*<br \/>\nAdresse<br \/>\nE-Mail Adresse*<br \/>\nThema*<br \/>\nNachricht*<br \/>\nDie mit <strong>*<\/strong> gekennzeichneten Angaben sind Pflichtfelder.<br \/>\nMit Ihrer Anmeldung bzw. Kontaktaufnahme \u00fcber meine Website haben Sie eingewilligt, dass wir Ihre Personendaten bearbeiten und speichern.<br \/>\n[\/et_pb_text][\/et_pb_column][\/et_pb_row][et_pb_row _builder_version=&#8221;4.16&#8243; custom_padding=&#8221;0|0px|22.5469px|0px|false|false&#8221; global_colors_info=&#8221;{}&#8221;][et_pb_column type=&#8221;4_4&#8243; _builder_version=&#8221;4.16&#8243; custom_padding=&#8221;|||&#8221; global_colors_info=&#8221;{}&#8221; custom_padding__hover=&#8221;|||&#8221;][et_pb_text _builder_version=&#8221;4.16&#8243; _module_preset=&#8221;default&#8221; header_text_color=&#8221;#DDA08B&#8221; background_color=&#8221;RGBA(0,0,0,0)&#8221; custom_margin=&#8221;||0px||false|false&#8221; custom_padding=&#8221;20px||8px||false|false&#8221; custom_padding_tablet=&#8221;&#8221; custom_padding_phone=&#8221;35px||||false|false&#8221; custom_padding_last_edited=&#8221;on|phone&#8221; global_colors_info=&#8221;{}&#8221;]<\/p>\n<h2>5. Cookies<\/h2>\n<p>[\/et_pb_text][et_pb_text _builder_version=&#8221;4.16&#8243; _module_preset=&#8221;default&#8221; global_colors_info=&#8221;{}&#8221;]Wenn Sie meine Webseiten besuchen, erfassen wir Informationen mittels Cookies. Gegebenenfalls werden mit meinem Internetauftritt auch Cookies von Partnerunternehmen, mit denen wir zum Zwecke der Werbung, der Analyse oder der Funktionalit\u00e4t meines Internetauftritts zusammenarbeiten, verwendet.<\/p>\n<p>Ein Cookie ist eine kleine Datei, die an Ihren Computer gesendet bzw. vom verwendeten Webbrowser automatisch auf Ihrem Computer oder mobilen Ger\u00e4t gespeichert wird, wenn Sie unsere Website besuchen. Wenn Sie diese Website erneut aufrufen, k\u00f6nnen wir Sie so wiedererkennen, selbst, wenn wir nicht wissen, wer Sie sind. Neben Cookies, die lediglich w\u00e4hrend einer Sitzung benutzt und nach Ihrem Website-Besuch gel\u00f6scht werden (&#8220;Session Cookies&#8221;), k\u00f6nnen Cookies auch benutzt werden, um Nutzereinstellungen und andere Informationen \u00fcber eine bestimmte Zeit (z.B. zwei Jahre) zu speichern (&#8220;permanente Cookies&#8221;). Sie k\u00f6nnen Ihren Browser jedoch so einstellen, dass er Cookies zur\u00fcckweist, nur f\u00fcr eine Sitzung speichert oder sonst vorzeitig l\u00f6scht. Die meisten Browser sind so voreingestellt, dass Sie Cookies akzeptieren. Wir behalten uns vor, permanente Cookies zu benutzen, damit wir besser verstehen, wie Sie unsere Angebote und Inhalte nutzen. Wenn Sie Cookies sperren, kann es sein, dass gewisse Funktionalit\u00e4ten nicht mehr gegeben sind.<\/p>\n<p>Rechtsgrundlage dieser Verarbeitung ist Art. 6 Abs. 1 lit b. DSGVO, sofern diese Cookies Daten zur Vertragsanbahnung oder Vertragsabwicklung verarbeitet werden.<\/p>\n<p>Falls die Verarbeitung nicht der Vertragsanbahnung oder Vertragsabwicklung dient, liegt mein berechtigtes Interesse in der Verbesserung der Funktionalit\u00e4t meines Internetauftritts. Rechtsgrundlage ist in dann Art. 6 Abs. 1 lit. f DSGVO.<br \/>\n[\/et_pb_text][\/et_pb_column][\/et_pb_row][et_pb_row _builder_version=&#8221;4.16&#8243; custom_padding=&#8221;0|0px|22.5469px|0px|false|false&#8221; global_colors_info=&#8221;{}&#8221;][et_pb_column type=&#8221;4_4&#8243; _builder_version=&#8221;4.16&#8243; custom_padding=&#8221;|||&#8221; global_colors_info=&#8221;{}&#8221; custom_padding__hover=&#8221;|||&#8221;][et_pb_text _builder_version=&#8221;4.16&#8243; _module_preset=&#8221;default&#8221; header_text_color=&#8221;#DDA08B&#8221; background_color=&#8221;RGBA(0,0,0,0)&#8221; custom_margin=&#8221;||0px||false|false&#8221; custom_padding=&#8221;20px||8px||false|false&#8221; custom_padding_tablet=&#8221;&#8221; custom_padding_phone=&#8221;35px||||false|false&#8221; custom_padding_last_edited=&#8221;on|phone&#8221; global_colors_info=&#8221;{}&#8221;]<\/p>\n<h2>6. Webanalyse mit Google Analytics<\/h2>\n<p>[\/et_pb_text][et_pb_text _builder_version=&#8221;4.16&#8243; _module_preset=&#8221;default&#8221; global_colors_info=&#8221;{}&#8221;]Zum Zwecke der bedarfsgerechten Entwicklung und fortlaufenden Optimierung meiner Website verwenden wir den Webanalyse-Dienst Google Analytics. Google Analytics generiert detaillierte Statistiken \u00fcber den Verkehr einer Website und dessen Ursprung und sammelt Informationen \u00fcber den Browser, das Betriebssystem, die Zugriffszeit und die IP-Adresse, die anonymisiert wird. Es werden pseudonymisierte Nutzungsprofile erstellt und Cookies (vgl. Ziffer 4), verwendet. Diese Daten werden an Server von Google LLC in die USA \u00fcbertragen und dort gespeichert. Die im Rahmen von Google Analytics von Ihrem Browser \u00fcbermittelte anonymisierte IP-Adresse wird nicht mit anderen Daten von Google zusammengef\u00fchrt.<\/p>\n<p>Google verwendet die durch die Cookies gewonnenen Informationen, um in unserem Auftrag Ihre Nutzung der Website auszuwerten, Berichte \u00fcber die Website-Aktivit\u00e4ten zu erstellen und uns diese Berichte zu Analysezwecken zur Verf\u00fcgung zu stellen. Auch wird Google diese Informationen allenfalls an Dritte \u00fcbertragen, sofern dies gesetzlich vorgeschrieben ist oder soweit Dritte diese Daten im Auftrag von Google verarbeiten. Google bringt Ihre IP-Adresse gem\u00e4ss ihren Angaben nicht mit anderen Daten, die von Google gespeichert werden, in Verbindung.<\/p>\n<p>Sie k\u00f6nnen die Erfassung der durch das Cookie erzeugten und auf die Websitenutzung durch den betreffenden Nutzer bezogenen Daten (inkl. der IP-Adresse) an Google sowie die Bearbeitung dieser Daten durch Google verhindern, indem Sie das unter dem folgenden Link verf\u00fcgbare Browser-Plugin herunterladen und installieren:<\/p>\n<p>http:\/\/tools.google.com\/dlpage\/gaoptout?hl=de<br \/>\nDurch die Nutzung dieser Website erkl\u00e4ren Sie sich mit der Bearbeitung jeglicher \u00fcber Sie erfassten personenbezogenen Daten durch Google in der zuvor beschriebenen Art und Weise und zu dem zuvor benannten Zweck einverstanden.<br \/>\n[\/et_pb_text][\/et_pb_column][\/et_pb_row][et_pb_row _builder_version=&#8221;4.16&#8243; custom_padding=&#8221;0|0px|22.5469px|0px|false|false&#8221; global_colors_info=&#8221;{}&#8221;][et_pb_column type=&#8221;4_4&#8243; _builder_version=&#8221;4.16&#8243; custom_padding=&#8221;|||&#8221; global_colors_info=&#8221;{}&#8221; custom_padding__hover=&#8221;|||&#8221;][et_pb_text _builder_version=&#8221;4.16&#8243; _module_preset=&#8221;default&#8221; header_text_color=&#8221;#DDA08B&#8221; background_color=&#8221;RGBA(0,0,0,0)&#8221; custom_margin=&#8221;||0px||false|false&#8221; custom_padding=&#8221;20px||8px||false|false&#8221; custom_padding_tablet=&#8221;&#8221; custom_padding_phone=&#8221;35px||||false|false&#8221; custom_padding_last_edited=&#8221;on|phone&#8221; global_colors_info=&#8221;{}&#8221;]<\/p>\n<h2>7. Weitergabe der Daten an Dritte<\/h2>\n<p>[\/et_pb_text][et_pb_text _builder_version=&#8221;4.16&#8243; _module_preset=&#8221;default&#8221; global_colors_info=&#8221;{}&#8221;]Ihre personenbezogenen Daten werden weder weitergegeben noch ver\u00e4ussert oder sonst wie an Dritte \u00fcbermittelt, es sei denn, dass dies zum Zwecke der Vertragsabwicklung oder zur Erf\u00fcllung unserer gesetzlichen Aufgaben erforderlich ist oder Sie ausdr\u00fccklich eingewilligt haben. Zus\u00e4tzlich geben wir Ihre Daten an Dritte weiter, soweit dies f\u00fcr die Analyse Ihres Nutzerverhaltens erforderlich ist (vgl. hierzu Ziffer 5 &#8220;Tracking Tool&#8221;). Weiterer Dienstleister, an den die durch den Gebrauch der Website erhobenen personenbezogenen Daten weitergegeben werden oder der Zugriff darauf hat oder haben kann, ist unser Webhoster METANET AG, Josefstrasse 218, 8005 Z\u00fcrich. Die Weitergabe der Daten erfolgt in Hinblick auf die Bereitstellung und Aufrechterhaltung der Funktionalit\u00e4t der Website. Es besteht hierin ein berechtigtes Interesse im Sinne von Art. 6 Abs. 1 lit. f DSGVO.<\/p>\n<p>Wir sind berechtigt, Ihre personenbezogenen Daten zum Zwecke der in dieser Datenschutzerkl\u00e4rung bezeichneten Datenverarbeitungen an Drittunternehmen im Ausland weiterzugeben (vgl. hierzu auch Ziffer 5 &#8220;Tracking Tool&#8221;). Wenn wir Daten in ein Land ohne angemessenen gesetzlichen Datenschutz \u00fcbermitteln, sorgen wir mittels Einsatz von entsprechenden Vertr\u00e4gen f\u00fcr ein angemessenes Schutzniveau oder st\u00fctzen uns auf die gesetzlichen Ausnahmetatbest\u00e4nde der Einwilligung, der Vertragsabwicklung, der Feststellung, Aus\u00fcbung oder Durchsetzung von Rechtsanspr\u00fcchen, \u00fcberwiegender \u00f6ffentlicher Interessen, der ver\u00f6ffentlichten Personendaten oder weil es zum Schutz der Unversehrtheit der betroffenen Personen n\u00f6tig ist.<br \/>\n[\/et_pb_text][\/et_pb_column][\/et_pb_row][et_pb_row _builder_version=&#8221;4.16&#8243; custom_padding=&#8221;0|0px|22.5469px|0px|false|false&#8221; global_colors_info=&#8221;{}&#8221;][et_pb_column type=&#8221;4_4&#8243; _builder_version=&#8221;4.16&#8243; custom_padding=&#8221;|||&#8221; global_colors_info=&#8221;{}&#8221; custom_padding__hover=&#8221;|||&#8221;][et_pb_text _builder_version=&#8221;4.16&#8243; _module_preset=&#8221;default&#8221; header_text_color=&#8221;#DDA08B&#8221; background_color=&#8221;RGBA(0,0,0,0)&#8221; custom_margin=&#8221;||0px||false|false&#8221; custom_padding=&#8221;20px||8px||false|false&#8221; custom_padding_tablet=&#8221;&#8221; custom_padding_phone=&#8221;35px||||false|false&#8221; custom_padding_last_edited=&#8221;on|phone&#8221; global_colors_info=&#8221;{}&#8221;]<\/p>\n<h2>8. Dauer der Aufbewahrung von personenbezogenen Daten<\/h2>\n<p>[\/et_pb_text][et_pb_text _builder_version=&#8221;4.16&#8243; _module_preset=&#8221;default&#8221; global_colors_info=&#8221;{}&#8221;]Wir speichern personenbezogene Daten nur so lange, wie es f\u00fcr die mit der Bearbeitung verfolgten Ziele erforderlich ist, n\u00e4mlich um Ihnen angeforderte Dienstleistungen anzubieten oder f\u00fcr Zwecke, f\u00fcr die Sie Ihre Zustimmung erkl\u00e4rt haben und im Zusammenhang mit den oben erw\u00e4hnten Cookies und Analysediensten. Dar\u00fcber hinaus speichern wir die Daten gem\u00e4ss den gesetzlichen Aufbewahrungs- und Dokumentationspflichten.<br \/>\n[\/et_pb_text][\/et_pb_column][\/et_pb_row][et_pb_row _builder_version=&#8221;4.16&#8243; custom_padding=&#8221;0|0px|22.5469px|0px|false|false&#8221; global_colors_info=&#8221;{}&#8221;][et_pb_column type=&#8221;4_4&#8243; _builder_version=&#8221;4.16&#8243; custom_padding=&#8221;|||&#8221; global_colors_info=&#8221;{}&#8221; custom_padding__hover=&#8221;|||&#8221;][et_pb_text _builder_version=&#8221;4.16&#8243; _module_preset=&#8221;default&#8221; header_text_color=&#8221;#DDA08B&#8221; background_color=&#8221;RGBA(0,0,0,0)&#8221; custom_margin=&#8221;||0px||false|false&#8221; custom_padding=&#8221;20px||8px||false|false&#8221; custom_padding_tablet=&#8221;&#8221; custom_padding_phone=&#8221;35px||||false|false&#8221; custom_padding_last_edited=&#8221;on|phone&#8221; global_colors_info=&#8221;{}&#8221;]<\/p>\n<h2>9. Datensicherheit<\/h2>\n<p>[\/et_pb_text][et_pb_text _builder_version=&#8221;4.16&#8243; _module_preset=&#8221;default&#8221; global_colors_info=&#8221;{}&#8221;]Wir treffen angemessene technische und organisatorische Sicherheitsvorkehrungen zum Schutz Ihrer Personendaten vor unberechtigtem Zugriff und Missbrauch wie etwa IT- und Netzwerksicherheitsl\u00f6sungen und Zugangsbeschr\u00e4nkungen.<br \/>\n[\/et_pb_text][\/et_pb_column][\/et_pb_row][et_pb_row _builder_version=&#8221;4.16&#8243; custom_padding=&#8221;0|0px|22.5469px|0px|false|false&#8221; global_colors_info=&#8221;{}&#8221;][et_pb_column type=&#8221;4_4&#8243; _builder_version=&#8221;4.16&#8243; custom_padding=&#8221;|||&#8221; global_colors_info=&#8221;{}&#8221; custom_padding__hover=&#8221;|||&#8221;][et_pb_text _builder_version=&#8221;4.16&#8243; _module_preset=&#8221;default&#8221; header_text_color=&#8221;#DDA08B&#8221; background_color=&#8221;RGBA(0,0,0,0)&#8221; custom_margin=&#8221;||0px||false|false&#8221; custom_padding=&#8221;20px||8px||false|false&#8221; custom_padding_tablet=&#8221;&#8221; custom_padding_phone=&#8221;35px||||false|false&#8221; custom_padding_last_edited=&#8221;on|phone&#8221; global_colors_info=&#8221;{}&#8221;]<\/p>\n<h2>10. Profiling<\/h2>\n<p>[\/et_pb_text][et_pb_text _builder_version=&#8221;4.16&#8243; _module_preset=&#8221;default&#8221; global_colors_info=&#8221;{}&#8221;]Die personenbezogenen Daten werden keiner automatisierten Entscheidfindung zu Grunde gelegt. Wir betreiben mit den personenbezogenen Daten kein Profiling.<br \/>\n[\/et_pb_text][\/et_pb_column][\/et_pb_row][et_pb_row _builder_version=&#8221;4.16&#8243; custom_padding=&#8221;0|0px|22.5469px|0px|false|false&#8221; global_colors_info=&#8221;{}&#8221;][et_pb_column type=&#8221;4_4&#8243; _builder_version=&#8221;4.16&#8243; custom_padding=&#8221;|||&#8221; global_colors_info=&#8221;{}&#8221; custom_padding__hover=&#8221;|||&#8221;][et_pb_text _builder_version=&#8221;4.16&#8243; _module_preset=&#8221;default&#8221; header_text_color=&#8221;#DDA08B&#8221; background_color=&#8221;RGBA(0,0,0,0)&#8221; custom_margin=&#8221;||0px||false|false&#8221; custom_padding=&#8221;20px||8px||false|false&#8221; custom_padding_tablet=&#8221;&#8221; custom_padding_phone=&#8221;35px||||false|false&#8221; custom_padding_last_edited=&#8221;on|phone&#8221; global_colors_info=&#8221;{}&#8221;]<\/p>\n<h2>11. Rechte der betroffenen Person<\/h2>\n<p>[\/et_pb_text][et_pb_text _builder_version=&#8221;4.16&#8243; _module_preset=&#8221;default&#8221; global_colors_info=&#8221;{}&#8221;]Sie haben auf Basis des auf Sie anwendbaren Datenschutzrechts und soweit von diesem vorgesehen (insbesondere im Rahmen der DSGVO) ein Recht auf Auskunft, Berichtigung, L\u00f6schung, das Recht auf Einschr\u00e4nkung der Datenverarbeitung und sonst den Widerspruch gegen unsere Datenverarbeitungen sowie auf Herausgabe gewisser Personendaten zur \u00dcbertragung an eine andere Stelle (sog. Datenportabilit\u00e4t). Ich behalte mir jedoch vor, mich auf die gesetzlich vorgesehenen Einschr\u00e4nkungen zu berufen, etwa wenn ich zur Aufbewahrung oder Bearbeitung gewisser Daten verpflichtet bin, diesbez\u00fcglich ein \u00fcberwiegendes Interesse habe oder die Daten f\u00fcr die Geltendmachung von Anspr\u00fcchen ben\u00f6tige.<\/p>\n<p>F\u00fcr die Bearbeitung von Gesuchen gem\u00e4ss dieser Ziffer kann ich von Ihnen einen Identit\u00e4tsnachweis verlangen.<\/p>\n<p>Ihr Recht, sich jederzeit bei einer Datenschutzbeh\u00f6rde zu beschweren, bleibt davon unber\u00fchrt.<br \/>\n[\/et_pb_text][\/et_pb_column][\/et_pb_row][\/et_pb_section][et_pb_section fb_built=&#8221;1&#8243; module_id=&#8221;footer&#8221; _builder_version=&#8221;4.16&#8243; custom_margin=&#8221;||&#8221; custom_padding=&#8221;0.3%|0px|0.1%|0px|false|false&#8221; top_divider_color=&#8221;#6290e8&#8243; saved_tabs=&#8221;all&#8221; global_colors_info=&#8221;{}&#8221;][et_pb_row column_structure=&#8221;3_4,1_4&#8243; _builder_version=&#8221;4.16&#8243; custom_padding=&#8221;0|0px|0|0px|false|false&#8221; global_colors_info=&#8221;{}&#8221;][et_pb_column type=&#8221;3_4&#8243; _builder_version=&#8221;4.16&#8243; custom_padding=&#8221;|||&#8221; global_colors_info=&#8221;{}&#8221; custom_padding__hover=&#8221;|||&#8221;][et_pb_text _builder_version=&#8221;4.19.0&#8243; text_font=&#8221;||||||||&#8221; text_font_size=&#8221;14px&#8221; text_line_height=&#8221;1.6em&#8221; hover_enabled=&#8221;0&#8243; global_colors_info=&#8221;{}&#8221; sticky_enabled=&#8221;0&#8243;]<\/p>\n<p>Forchstrasse 280, 8008 Zurich \/ H\u00f6henstrasse 11, 8342 Wernetshausen (Hinwil), <a href=\"mailto:info@taugwalder-hypnose.ch\">info@taugwalder-hypnose.ch<\/a>\u00a0| <a href=\"https:\/\/www.taugwalder-hypnose.ch\/impressum\">Impressum<\/a> | <a href=\"https:\/\/taugwalder-hypnose.ch\/kontakt\/\">Kontakt<\/a>\u00a0| <a href=\"https:\/\/taugwalder-hypnose.ch\/datenschutz\/\">Datenschutz<\/a><br \/>copyright \u00a9 Gabriela Taugwalder, 2019<\/p>\n<p>[\/et_pb_text][\/et_pb_column][et_pb_column type=&#8221;1_4&#8243; _builder_version=&#8221;4.16&#8243; custom_padding=&#8221;|||&#8221; global_colors_info=&#8221;{}&#8221; custom_padding__hover=&#8221;|||&#8221;][et_pb_social_media_follow _builder_version=&#8221;4.16&#8243; text_orientation=&#8221;right&#8221; background_layout=&#8221;dark&#8221; module_alignment=&#8221;right&#8221; custom_margin=&#8221;||0px&#8221; custom_padding=&#8221;||0px&#8221; filter_saturate=&#8221;0%&#8221; filter_brightness=&#8221;200%&#8221; border_width_all=&#8221;1px&#8221; border_color_all=&#8221;rgba(0,0,0,0)&#8221; global_colors_info=&#8221;{}&#8221;][et_pb_social_media_follow_network social_network=&#8221;facebook&#8221; url=&#8221;https:\/\/www.facebook.com\/taugwalder.hypnose\/&#8221; _builder_version=&#8221;4.16&#8243; background_color=&#8221;#3b5998&#8243; global_colors_info=&#8221;{}&#8221; follow_button=&#8221;off&#8221; url_new_window=&#8221;on&#8221;]facebook[\/et_pb_social_media_follow_network][et_pb_social_media_follow_network social_network=&#8221;instagram&#8221; url=&#8221;https:\/\/www.instagram.com\/taugwalder.hypnose\/&#8221; _builder_version=&#8221;4.16&#8243; background_color=&#8221;#ea2c59&#8243; global_colors_info=&#8221;{}&#8221; follow_button=&#8221;off&#8221; url_new_window=&#8221;on&#8221;]instagram[\/et_pb_social_media_follow_network][\/et_pb_social_media_follow][\/et_pb_column][\/et_pb_row][et_pb_row _builder_version=&#8221;4.16&#8243; _module_preset=&#8221;default&#8221; global_colors_info=&#8221;{}&#8221;][et_pb_column type=&#8221;4_4&#8243; _builder_version=&#8221;4.16&#8243; _module_preset=&#8221;default&#8221; global_colors_info=&#8221;{}&#8221;][\/et_pb_column][\/et_pb_row][\/et_pb_section]<\/p>\n","protected":false},"excerpt":{"rendered":"<p>Datenschutz 1. Allgemeines Ich freue mich, dass Sie sich f\u00fcr meine Website interessieren. Der Schutz Ihrer Privatsph\u00e4re ist mir wichtig. Ich setze auf einen transparenten Umgang mit Ihren Daten. Nachfolgend zeige ich auf, welche personenbezogenen Daten beim Benutzen dieser Webseite bearbeitet werden und wie mit den Daten umgegangen wird. Diese Datenschutzerkl\u00e4rung ist auch auf die [&hellip;]<\/p>\n","protected":false},"author":3,"featured_media":0,"parent":0,"menu_order":0,"comment_status":"closed","ping_status":"closed","template":"","meta":{"_et_pb_use_builder":"on","_et_pb_old_content":"","_et_gb_content_width":"","footnotes":""},"class_list":["post-3621","page","type-page","status-publish","hentry"],"_links":{"self":[{"href":"https:\/\/taugwalder-hypnose.ch\/en\/wp-json\/wp\/v2\/pages\/3621","targetHints":{"allow":["GET"]}}],"collection":[{"href":"https:\/\/taugwalder-hypnose.ch\/en\/wp-json\/wp\/v2\/pages"}],"about":[{"href":"https:\/\/taugwalder-hypnose.ch\/en\/wp-json\/wp\/v2\/types\/page"}],"author":[{"embeddable":true,"href":"https:\/\/taugwalder-hypnose.ch\/en\/wp-json\/wp\/v2\/users\/3"}],"replies":[{"embeddable":true,"href":"https:\/\/taugwalder-hypnose.ch\/en\/wp-json\/wp\/v2\/comments?post=3621"}],"version-history":[{"count":0,"href":"https:\/\/taugwalder-hypnose.ch\/en\/wp-json\/wp\/v2\/pages\/3621\/revisions"}],"wp:attachment":[{"href":"https:\/\/taugwalder-hypnose.ch\/en\/wp-json\/wp\/v2\/media?parent=3621"}],"curies":[{"name":"wp","href":"https:\/\/api.w.org\/{rel}","templated":true}]}}